{"id":18358,"date":"2018-08-13T16:53:28","date_gmt":"2018-08-13T14:53:28","guid":{"rendered":"http:\/\/kardealertheme.com\/?page_id=18358"},"modified":"2026-01-01T18:09:24","modified_gmt":"2026-01-01T17:09:24","slug":"ihrezimmerei-schneider-larisch","status":"publish","type":"page","link":"https:\/\/ihrezimmerei.de\/","title":{"rendered":"Startseite"},"content":{"rendered":"\t\t<div data-elementor-type=\"wp-page\" data-elementor-id=\"18358\" class=\"elementor elementor-18358\">\n\t\t\t\t\t\t<section class=\"elementor-section elementor-top-section elementor-element elementor-element-31aaf9ad elementor-section-boxed elementor-section-height-default elementor-section-height-default\" data-id=\"31aaf9ad\" data-element_type=\"section\" data-e-type=\"section\">\n\t\t\t\t\t\t<div class=\"elementor-container elementor-column-gap-default\">\n\t\t\t\t\t<div class=\"elementor-column elementor-col-100 elementor-top-column elementor-element elementor-element-7998e9e3\" data-id=\"7998e9e3\" data-element_type=\"column\" data-e-type=\"column\">\n\t\t\t<div class=\"elementor-widget-wrap elementor-element-populated\">\n\t\t\t\t\t\t<div class=\"elementor-element elementor-element-1f73d0b elementor-widget elementor-widget-text-editor\" data-id=\"1f73d0b\" data-element_type=\"widget\" data-e-type=\"widget\" data-widget_type=\"text-editor.default\">\n\t\t\t\t<div class=\"elementor-widget-container\">\n\t\t\t\t\t\t\t\t\t<h4><img decoding=\"async\" class=\"responsive aligncenter\" src=\"https:\/\/staging.ihrezimmerei.de\/wp-content\/uploads\/2026\/01\/Logo_strichweit_small.png\" style=\"width:30%;height:auto;\"><\/h4>\n<h3 style=\"text-align: left;\">Toll, dass Sie da sind! Als versierter Fachbetrieb freuen wir uns Sie als unsere zuk\u00fcnftigen Kunden begr\u00fc\u00dfen zu d\u00fcrfen. Als langj\u00e4hrige und gut ausgebildete Handwerker haben wir viel Erfahrung und k\u00f6nnen Ihr Projekt mit Professionalit\u00e4t und nach allen geltenden Vorschriften umsetzen. Nat\u00fcrlich beraten wir Sie auch diesbez\u00fcglich umfassend. Schauen Sie auch gern in unsere <a href=\"https:\/\/ihrezimmerei.de\/?page_id=18597\">Referenzprojekte<\/a>!<\/h3>\n<h3 style=\"text-align: left;\">Ein kleiner Auszug aus unserem Dienstleistungsspektrum:<\/h3>\n<ul>\n<li style=\"text-align: left;\">Allgemeine Zimmererarbeiten<\/li>\n<li style=\"text-align: left;\">Allgemeine Dacharbeiten<\/li>\n<li style=\"text-align: left;\">Einbau gerahmter Baufertigteile<\/li>\n<li style=\"text-align: left;\">Dachfl\u00e4chenfenster<\/li>\n<li style=\"text-align: left;\">Carports &amp; Terrassen\u00fcberdachungen<\/li>\n<li style=\"text-align: left;\">Trocken- und Trockenwandbau<\/li>\n<li style=\"text-align: left;\">T\u00fcren und Fenster<\/li>\n<li style=\"text-align: left;\">Montage von PV Anlagen<\/li>\n<li style=\"text-align: left;\">&#8230; und vieles mehr!<\/li>\n<\/ul>\n<h3 style=\"text-align: center;\">Sie brauchen unsere Hilfe? <a href=\"\/?page_id=18557\">Nehmen Sie gern Kontakt mit uns auf!<\/a><\/h3>\n<h4 style=\"text-align: right;\"><div class='tagembed-widget' style='width:; height:;' data-widget-id='2145047' view-url='https:\/\/widget.tagembed.com\/2145047'><\/div><\/h4>\n<h4><\/h4>\t\t\t\t\t\t\t\t<\/div>\n\t\t\t\t<\/div>\n\t\t\t\t\t<\/div>\n\t\t<\/div>\n\t\t\t\t\t<\/div>\n\t\t<\/section>\n\t\t\t\t<\/div>\n\t\t","protected":false},"excerpt":{"rendered":"<p>Toll, dass Sie da sind! Als versierter Fachbetrieb freuen wir uns Sie als unsere zuk\u00fcnftigen Kunden begr\u00fc\u00dfen zu d\u00fcrfen. Als langj\u00e4hrige und gut ausgebildete Handwerker haben wir viel Erfahrung und k\u00f6nnen Ihr Projekt mit Professionalit\u00e4t und nach allen geltenden Vorschriften umsetzen. Nat\u00fcrlich beraten wir Sie auch diesbez\u00fcglich umfassend. Schauen Sie auch gern in unsere Referenzprojekte! &hellip; <\/p>\n<p class=\"link-more\"><a href=\"https:\/\/ihrezimmerei.de\/\" class=\"more-link\">Mehr <span class=\"screen-reader-text\">\u00fcber &#8222;Startseite&#8220; <\/span>Lesen<\/a><\/p>\n","protected":false},"author":1,"featured_media":0,"parent":0,"menu_order":0,"comment_status":"closed","ping_status":"closed","template":"elementor_theme","meta":{"_monsterinsights_skip_tracking":false,"_monsterinsights_sitenote_active":false,"_monsterinsights_sitenote_note":"","_monsterinsights_sitenote_category":0,"footnotes":""},"class_list":["post-18358","page","type-page","status-publish","hentry"],"aioseo_notices":[],"_links":{"self":[{"href":"https:\/\/ihrezimmerei.de\/index.php?rest_route=\/wp\/v2\/pages\/18358","targetHints":{"allow":["GET"]}}],"collection":[{"href":"https:\/\/ihrezimmerei.de\/index.php?rest_route=\/wp\/v2\/pages"}],"about":[{"href":"https:\/\/ihrezimmerei.de\/index.php?rest_route=\/wp\/v2\/types\/page"}],"author":[{"embeddable":true,"href":"https:\/\/ihrezimmerei.de\/index.php?rest_route=\/wp\/v2\/users\/1"}],"replies":[{"embeddable":true,"href":"https:\/\/ihrezimmerei.de\/index.php?rest_route=%2Fwp%2Fv2%2Fcomments&post=18358"}],"version-history":[{"count":74,"href":"https:\/\/ihrezimmerei.de\/index.php?rest_route=\/wp\/v2\/pages\/18358\/revisions"}],"predecessor-version":[{"id":19152,"href":"https:\/\/ihrezimmerei.de\/index.php?rest_route=\/wp\/v2\/pages\/18358\/revisions\/19152"}],"wp:attachment":[{"href":"https:\/\/ihrezimmerei.de\/index.php?rest_route=%2Fwp%2Fv2%2Fmedia&parent=18358"}],"curies":[{"name":"wp","href":"https:\/\/api.w.org\/{rel}","templated":true}]}}