{"id":18549,"date":"2022-06-27T23:37:11","date_gmt":"2022-06-27T21:37:11","guid":{"rendered":"https:\/\/ihrezimmerei.de\/?page_id=18549"},"modified":"2026-01-01T18:16:27","modified_gmt":"2026-01-01T17:16:27","slug":"cookie-richtlinie","status":"publish","type":"page","link":"https:\/\/ihrezimmerei.de\/?page_id=18549","title":{"rendered":"Cookie Richtlinie"},"content":{"rendered":"\t\t<div data-elementor-type=\"wp-page\" data-elementor-id=\"18549\" class=\"elementor elementor-18549\">\n\t\t\t\t\t\t<section class=\"elementor-section elementor-top-section elementor-element elementor-element-72a8404f elementor-section-boxed elementor-section-height-default elementor-section-height-default\" data-id=\"72a8404f\" data-element_type=\"section\" data-e-type=\"section\">\n\t\t\t\t\t\t<div class=\"elementor-container elementor-column-gap-default\">\n\t\t\t\t\t<div class=\"elementor-column elementor-col-100 elementor-top-column elementor-element elementor-element-1d4eecac\" data-id=\"1d4eecac\" data-element_type=\"column\" data-e-type=\"column\">\n\t\t\t<div class=\"elementor-widget-wrap elementor-element-populated\">\n\t\t\t\t\t\t<div class=\"elementor-element elementor-element-250ebae6 elementor-widget elementor-widget-text-editor\" data-id=\"250ebae6\" data-element_type=\"widget\" data-e-type=\"widget\" data-widget_type=\"text-editor.default\">\n\t\t\t\t<div class=\"elementor-widget-container\">\n\t\t\t\t\t\t\t\t\t<div class=\"cli_pg_page_contaner\"><h3><span style=\"color: #000000;\">\u00dcber diese Cookie-Richtlinie<\/span><\/h3><div><span style=\"color: #7a7a7a;\">Diese Cookie-Richtlinie erkl\u00e4rt, was Cookies sind und wie wir sie verwenden, welche Arten von Cookies wir verwenden, welche Informationen wir mit Hilfe von Cookies sammeln und wie diese Informationen verwendet werden, und wie Sie die Cookie-Einstellungen steuern k\u00f6nnen. Weitere Informationen dar\u00fcber, wie wir Ihre pers\u00f6nlichen Daten verwenden, speichern und sicher aufbewahren, finden Sie in unserer Datenschutzrichtlinie.Sie k\u00f6nnen Ihre Einwilligung jederzeit in der Cookie-Erkl\u00e4rung auf unserer Website \u00e4ndern oder widerrufenErfahren Sie mehr dar\u00fcber, wer wir sind, wie Sie uns kontaktieren k\u00f6nnen und wie wir pers\u00f6nliche Daten verarbeiten, in unserer Datenschutzrichtlinie.Ihre Einwilligung gilt f\u00fcr die folgenden Domains: ihrezimmerei.de<div class=\"cli_user_consent_state\">Dein aktueller Status: Keine Einwilligung erteilt. <a class=\"cli_manage_current_consent\" style=\"cursor:pointer;text-decoration:underline;\">Verwalte deine Einwilligung<\/a> <\/div><\/span><\/div><h3><span style=\"color: #000000;\">Was sind Cookies?<\/span><\/h3><div><span style=\"color: #7a7a7a;\">Cookies sind kleine Textdateien, die dazu dienen, kleine Informationen zu speichern. Sie werden auf Ihrem Ger\u00e4t gespeichert, wenn die Website in Ihrem Browser geladen wird. Diese Cookies helfen uns, die Website ordnungsgem\u00e4\u00df funktionieren zu lassen, sie sicherer zu machen, eine bessere Benutzererfahrung zu bieten und zu verstehen, wie die Website funktioniert und zu analysieren, was funktioniert und wo sie verbessert werden muss.<\/span><\/div><h3><span style=\"color: #000000;\">Wie verwenden wir Cookies?<\/span><\/h3><div><span style=\"color: #7a7a7a;\">Wie die meisten Online-Dienste verwendet auch unsere Website Cookies von Erst- und Drittanbietern f\u00fcr verschiedene Zwecke. Die Cookies von Drittanbietern, die auf unserer Website verwendet werden, dienen haupts\u00e4chlich dazu, zu verstehen, wie die Website funktioniert, wie Sie mit unserer Website interagieren, unsere Dienste sicher zu halten, Ihnen f\u00fcr Sie relevante Werbung bereitzustellen und Ihnen insgesamt eine bessere und verbesserte Benutzererfahrung zu bieten und Ihre zuk\u00fcnftigen Interaktionen mit unserer Website zu beschleunigen.<\/span><\/div><h3><span style=\"color: #000000;\">Welche Arten von Cookies verwenden wir?<\/span><\/h3><div><span style=\"color: #7a7a7a;\"><strong>Notwendig:<\/strong> Einige Cookies sind unerl\u00e4sslich, damit Sie die volle Funktionalit\u00e4t unserer Website nutzen k\u00f6nnen. Sie erm\u00f6glichen es uns, Benutzersitzungen aufrechtzuerhalten und Sicherheitsbedrohungen zu verhindern. Sie sammeln und speichern keine pers\u00f6nlichen Informationen.<\/span><\/div><div>\u00a0<\/div><div><span style=\"color: #7a7a7a;\"><strong>Statistik:<\/strong> Diese Cookies speichern Informationen wie die Anzahl der Besucher der Website, die Anzahl der einzelnen Besucher, welche Seiten der Website besucht wurden, die Quelle des Besuchs usw. Diese Daten helfen uns zu verstehen und zu analysieren, wie gut die Website funktioniert und wo sie verbessert werden muss.<\/span><\/div><div>\u00a0<\/div><div><span style=\"color: #7a7a7a;\"><strong>Werbung:<\/strong> Auf unserer Website wird Werbung angezeigt. Diese Cookies werden verwendet, um die Werbung, die wir Ihnen zeigen, so zu personalisieren, dass sie f\u00fcr Sie sinnvoll ist. Diese Cookies helfen uns auch, die Effizienz dieser Werbekampagnen zu verfolgen.Die in diesen Cookies gespeicherten Informationen k\u00f6nnen auch von Drittanbietern verwendet werden, um Ihnen Werbung auf anderen Websites im Browser anzuzeigen.<\/span><\/div><div>\u00a0<\/div><div><span style=\"color: #7a7a7a;\"><strong>Funktional:<\/strong> Dies sind die Cookies, die bestimmte nicht-essentielle Funktionen auf unserer Website unterst\u00fctzen. Zu diesen Funktionen geh\u00f6ren das Einbetten von Inhalten wie Videos oder das Teilen von Inhalten der Website auf Social-Media-Plattformen.<\/span><\/div><div>\u00a0<\/div><div><span style=\"color: #7a7a7a;\"><strong>Pr\u00e4ferenzen:<\/strong> Diese Cookies helfen uns, Ihre Einstellungen und Browsing-Pr\u00e4ferenzen, wie z. B. Sprachpr\u00e4ferenzen, zu speichern, damit Sie bei zuk\u00fcnftigen Besuchen der Website ein besseres und effizienteres Erlebnis haben.<p>In der folgenden Liste sind die Cookies aufgef\u00fchrt, die auf unserer Website verwendet werden.<\/p><table class=\"cookielawinfo-row-cat-table cookielawinfo-classic\"><thead><tr><th class=\"cookielawinfo-column-1\">Cookie<\/th><th class=\"cookielawinfo-column-4\">Beschreibung<\/th><\/tr><\/thead><tbody><tr class=\"cookielawinfo-row\"><td class=\"cookielawinfo-column-1\">cookielawinfo-checkbox-analytics<\/td><td class=\"cookielawinfo-column-4\">Dieses Cookie wird vom GDPR Cookie Consent Plugin gesetzt. Das Cookie wird verwendet, um die Zustimmung des Nutzers f\u00fcr die Cookies in der Kategorie &#8222;Analytics&#8220; zu speichern.<\/td><\/tr><tr class=\"cookielawinfo-row\"><td class=\"cookielawinfo-column-1\">cookielawinfo-checkbox-functional<\/td><td class=\"cookielawinfo-column-4\">Das Cookie wird durch die GDPR-Cookie-Zustimmung gesetzt, um die Zustimmung des Benutzers f\u00fcr die Cookies in der Kategorie &#8222;Funktional&#8220; aufzuzeichnen.<\/td><\/tr><tr class=\"cookielawinfo-row\"><td class=\"cookielawinfo-column-1\">cookielawinfo-checkbox-necessary<\/td><td class=\"cookielawinfo-column-4\">Dieses Cookie wird vom GDPR Cookie Consent Plugin gesetzt. Das Cookie wird verwendet, um die Zustimmung des Nutzers f\u00fcr die Cookies der Kategorie &#8222;Notwendig&#8220; zu speichern.<\/td><\/tr><tr class=\"cookielawinfo-row\"><td class=\"cookielawinfo-column-1\">cookielawinfo-checkbox-others<\/td><td class=\"cookielawinfo-column-4\">Dieses Cookie wird vom GDPR Cookie Consent Plugin gesetzt. Das Cookie wird verwendet, um die Zustimmung des Nutzers f\u00fcr die Cookies in der Kategorie &#8222;Andere&#8220; zu speichern.<\/td><\/tr><tr class=\"cookielawinfo-row\"><td class=\"cookielawinfo-column-1\">cookielawinfo-checkbox-performance<\/td><td class=\"cookielawinfo-column-4\">Dieses Cookie wird vom GDPR Cookie Consent Plugin gesetzt. Das Cookie wird verwendet, um die Zustimmung des Nutzers f\u00fcr die Cookies in der Kategorie &#8222;Leistung&#8220; zu speichern.<\/td><\/tr><tr class=\"cookielawinfo-row\"><td class=\"cookielawinfo-column-1\">viewed_cookie_policy<\/td><td class=\"cookielawinfo-column-4\">Das Cookie wird vom GDPR Cookie Consent Plugin gesetzt und wird verwendet, um zu speichern, ob der Nutzer der Verwendung von Cookies zugestimmt hat oder nicht. Es speichert keine pers\u00f6nlichen Daten.<\/td><\/tr><\/tbody><\/table><\/span><\/div><h3><span style=\"color: #000000;\">Wie kann ich die Cookie-Einstellungen kontrollieren?<\/span><\/h3><div><span style=\"color: #7a7a7a;\">Sollten Sie Ihre Einstellungen sp\u00e4ter \u00e4ndern wollen, k\u00f6nnen Sie auf die Registerkarte &#8222;Datenschutz und Cookie-Richtlinie&#8220; auf Ihrem Bildschirm klicken. Dadurch wird der Hinweis auf die Einwilligung erneut angezeigt, so dass Sie Ihre Einstellungen \u00e4ndern oder Ihre Einwilligung ganz widerrufen k\u00f6nnen. Sie k\u00f6nnen die Einstellungen Ihres Browsers \u00e4ndern, um die Cookies zu blockieren\/l\u00f6schen. Weitere Informationen \u00fcber die Verwaltung und L\u00f6schung von Cookies finden Sie unter wikipedia.org,\u00a0 ww.allaboutcookies.org.<\/span><\/div><\/div>\t\t\t\t\t\t\t\t<\/div>\n\t\t\t\t<\/div>\n\t\t\t\t\t<\/div>\n\t\t<\/div>\n\t\t\t\t\t<\/div>\n\t\t<\/section>\n\t\t\t\t<\/div>\n\t\t","protected":false},"excerpt":{"rendered":"<p>\u00dcber diese Cookie-Richtlinie Diese Cookie-Richtlinie erkl\u00e4rt, was Cookies sind und wie wir sie verwenden, welche Arten von Cookies wir verwenden, welche Informationen wir mit Hilfe von Cookies sammeln und wie diese Informationen verwendet werden, und wie Sie die Cookie-Einstellungen steuern k\u00f6nnen. Weitere Informationen dar\u00fcber, wie wir Ihre pers\u00f6nlichen Daten verwenden, speichern und sicher aufbewahren, finden &hellip; <\/p>\n<p class=\"link-more\"><a href=\"https:\/\/ihrezimmerei.de\/?page_id=18549\" class=\"more-link\">Mehr <span class=\"screen-reader-text\">\u00fcber &#8222;Cookie Richtlinie&#8220; <\/span>Lesen<\/a><\/p>\n","protected":false},"author":1,"featured_media":0,"parent":18543,"menu_order":0,"comment_status":"closed","ping_status":"closed","template":"elementor_theme","meta":{"_monsterinsights_skip_tracking":false,"_monsterinsights_sitenote_active":false,"_monsterinsights_sitenote_note":"","_monsterinsights_sitenote_category":0,"footnotes":""},"class_list":["post-18549","page","type-page","status-publish","hentry"],"aioseo_notices":[],"_links":{"self":[{"href":"https:\/\/ihrezimmerei.de\/index.php?rest_route=\/wp\/v2\/pages\/18549","targetHints":{"allow":["GET"]}}],"collection":[{"href":"https:\/\/ihrezimmerei.de\/index.php?rest_route=\/wp\/v2\/pages"}],"about":[{"href":"https:\/\/ihrezimmerei.de\/index.php?rest_route=\/wp\/v2\/types\/page"}],"author":[{"embeddable":true,"href":"https:\/\/ihrezimmerei.de\/index.php?rest_route=\/wp\/v2\/users\/1"}],"replies":[{"embeddable":true,"href":"https:\/\/ihrezimmerei.de\/index.php?rest_route=%2Fwp%2Fv2%2Fcomments&post=18549"}],"version-history":[{"count":6,"href":"https:\/\/ihrezimmerei.de\/index.php?rest_route=\/wp\/v2\/pages\/18549\/revisions"}],"predecessor-version":[{"id":19162,"href":"https:\/\/ihrezimmerei.de\/index.php?rest_route=\/wp\/v2\/pages\/18549\/revisions\/19162"}],"up":[{"embeddable":true,"href":"https:\/\/ihrezimmerei.de\/index.php?rest_route=\/wp\/v2\/pages\/18543"}],"wp:attachment":[{"href":"https:\/\/ihrezimmerei.de\/index.php?rest_route=%2Fwp%2Fv2%2Fmedia&parent=18549"}],"curies":[{"name":"wp","href":"https:\/\/api.w.org\/{rel}","templated":true}]}}