{"id":18595,"date":"2022-07-06T00:40:02","date_gmt":"2022-07-05T22:40:02","guid":{"rendered":"https:\/\/staging.ihrezimmerei.de\/?page_id=18595"},"modified":"2026-01-02T10:53:16","modified_gmt":"2026-01-02T09:53:16","slug":"das-team","status":"publish","type":"page","link":"https:\/\/ihrezimmerei.de\/?page_id=18595","title":{"rendered":"Das Team"},"content":{"rendered":"\t\t<div data-elementor-type=\"wp-post\" data-elementor-id=\"18595\" class=\"elementor elementor-18595\">\n\t\t\t\t\t\t<section class=\"elementor-section elementor-top-section elementor-element elementor-element-129b2a5 elementor-section-boxed elementor-section-height-default elementor-section-height-default\" data-id=\"129b2a5\" data-element_type=\"section\" data-e-type=\"section\">\n\t\t\t\t\t\t<div class=\"elementor-container elementor-column-gap-default\">\n\t\t\t\t\t<div class=\"elementor-column elementor-col-100 elementor-top-column elementor-element elementor-element-f85866d\" data-id=\"f85866d\" data-element_type=\"column\" data-e-type=\"column\">\n\t\t\t<div class=\"elementor-widget-wrap elementor-element-populated\">\n\t\t\t\t\t\t<div class=\"elementor-element elementor-element-0d8667c elementor-widget elementor-widget-heading\" data-id=\"0d8667c\" data-element_type=\"widget\" data-e-type=\"widget\" data-widget_type=\"heading.default\">\n\t\t\t\t<div class=\"elementor-widget-container\">\n\t\t\t\t\t<h1 class=\"elementor-heading-title elementor-size-default\">\u00dcber uns<\/h1>\t\t\t\t<\/div>\n\t\t\t\t<\/div>\n\t\t\t\t<div class=\"elementor-element elementor-element-3042db36 elementor-widget elementor-widget-text-editor\" data-id=\"3042db36\" data-element_type=\"widget\" data-e-type=\"widget\" data-widget_type=\"text-editor.default\">\n\t\t\t\t<div class=\"elementor-widget-container\">\n\t\t\t\t\t\t\t\t\t<p data-start=\"236\" data-end=\"560\">Seit 2022 stehen wir als erfahrenes und engagiertes Zimmererunternehmen stolz in der Wesermarsch, Oldenburg, Bremen und der umliegenden Region an Ihrer Seite. Mit Leidenschaft und handwerklichem K\u00f6nnen haben wir bereits zahlreiche Projekte f\u00fcr Privatpersonen, Unternehmen und \u00f6ffentliche Auftraggeber erfolgreich umgesetzt.<\/p><p data-start=\"562\" data-end=\"976\">Egal, ob es um kleine Reparaturen wie das Beheben einer Leckstelle oder das Einbauen einer neuen T\u00fcr geht, oder ob Sie sich den lang ersehnten Grillunterstand w\u00fcnschen \u2013 wir bieten Ihnen ein breites Leistungsspektrum im Zimmererhandwerk. Dar\u00fcber hinaus sind wir auch Ihr Ansprechpartner f\u00fcr anspruchsvollere Projekte wie den Trocken- und Innenausbau oder eine komplette Dachsanierung inklusive Photovoltaikanlage.<\/p><p data-start=\"978\" data-end=\"1350\">Doch wir sehen uns nicht nur als Dienstleister \u2013 wir sind Ihr Fachmann und Berater, der Sie w\u00e4hrend des gesamten Prozesses begleitet. Ihre W\u00fcnsche und Vorstellungen stehen bei uns im Mittelpunkt. Gemeinsam mit Ihnen entwickeln wir ma\u00dfgeschneiderte L\u00f6sungen und bringen unsere Expertise und kreativen Ideen ein, um ein Ergebnis zu erzielen, das Ihre Erwartungen \u00fcbertrifft.<\/p><p data-start=\"1352\" data-end=\"1694\">Durch unsere langj\u00e4hrige Erfahrung und unsere Liebe zum Handwerk stellen wir sicher, dass jedes Projekt nicht nur funktional, sondern auch \u00e4sthetisch perfekt umgesetzt wird. Unsere Kunden sch\u00e4tzen nicht nur die Qualit\u00e4t unserer Arbeit, sondern auch die Zuverl\u00e4ssigkeit und den pers\u00f6nlichen Kontakt, den wir in jedes Projekt einflie\u00dfen lassen.<br \/><br \/><span style=\"letter-spacing: 0px; word-spacing: 0em;\"><b>Verlassen Sie sich auf uns \u2013 f\u00fcr handwerkliche Pr\u00e4zision, individuelle Beratung und L\u00f6sungen, die zu Ihnen und Ihrem Projekt passen.<\/b><\/span><\/p>\t\t\t\t\t\t\t\t<\/div>\n\t\t\t\t<\/div>\n\t\t\t\t<div class=\"elementor-element elementor-element-5f4bfa3 elementor-widget__width-inherit elementor-widget elementor-widget-image\" data-id=\"5f4bfa3\" data-element_type=\"widget\" data-e-type=\"widget\" data-widget_type=\"image.default\">\n\t\t\t\t<div class=\"elementor-widget-container\">\n\t\t\t\t\t\t\t\t\t\t\t\t\t\t\t<img fetchpriority=\"high\" decoding=\"async\" width=\"1980\" height=\"509\" src=\"https:\/\/ihrezimmerei.de\/wp-content\/uploads\/2026\/01\/Header_Tools.png\" class=\"attachment-full size-full wp-image-19076\" alt=\"\" srcset=\"https:\/\/ihrezimmerei.de\/wp-content\/uploads\/2026\/01\/Header_Tools.png 1980w, https:\/\/ihrezimmerei.de\/wp-content\/uploads\/2026\/01\/Header_Tools-300x77.png 300w, https:\/\/ihrezimmerei.de\/wp-content\/uploads\/2026\/01\/Header_Tools-1024x263.png 1024w, https:\/\/ihrezimmerei.de\/wp-content\/uploads\/2026\/01\/Header_Tools-1536x395.png 1536w\" sizes=\"100vw\" \/>\t\t\t\t\t\t\t\t\t\t\t\t\t\t\t<\/div>\n\t\t\t\t<\/div>\n\t\t\t\t\t<\/div>\n\t\t<\/div>\n\t\t\t\t\t<\/div>\n\t\t<\/section>\n\t\t\t\t<section class=\"elementor-section elementor-top-section elementor-element elementor-element-ff5c39d elementor-section-boxed elementor-section-height-default elementor-section-height-default\" data-id=\"ff5c39d\" data-element_type=\"section\" data-e-type=\"section\">\n\t\t\t\t\t\t<div class=\"elementor-container elementor-column-gap-default\">\n\t\t\t\t\t<header class=\"elementor-column elementor-col-100 elementor-top-column elementor-element elementor-element-9df559d\" data-id=\"9df559d\" data-element_type=\"column\" data-e-type=\"column\">\n\t\t\t<div class=\"elementor-widget-wrap elementor-element-populated\">\n\t\t\t\t\t\t<div class=\"elementor-element elementor-element-79f1376 elementor-widget elementor-widget-heading\" data-id=\"79f1376\" data-element_type=\"widget\" data-e-type=\"widget\" data-widget_type=\"heading.default\">\n\t\t\t\t<div class=\"elementor-widget-container\">\n\t\t\t\t\t<h1 class=\"elementor-heading-title elementor-size-default\">Das Team<\/h1>\t\t\t\t<\/div>\n\t\t\t\t<\/div>\n\t\t\t\t\t<\/div>\n\t\t<\/header>\n\t\t\t\t\t<\/div>\n\t\t<\/section>\n\t\t\t\t<section class=\"elementor-section elementor-top-section elementor-element elementor-element-7043e0b elementor-section-boxed elementor-section-height-default elementor-section-height-default\" data-id=\"7043e0b\" data-element_type=\"section\" data-e-type=\"section\">\n\t\t\t\t\t\t<div class=\"elementor-container elementor-column-gap-default\">\n\t\t\t\t\t<div class=\"elementor-column elementor-col-50 elementor-top-column elementor-element elementor-element-ea1c3ae\" data-id=\"ea1c3ae\" data-element_type=\"column\" data-e-type=\"column\">\n\t\t\t<div class=\"elementor-widget-wrap elementor-element-populated\">\n\t\t\t\t\t\t<div class=\"elementor-element elementor-element-6130e2f elementor-widget elementor-widget-image\" data-id=\"6130e2f\" data-element_type=\"widget\" data-e-type=\"widget\" data-widget_type=\"image.default\">\n\t\t\t\t<div class=\"elementor-widget-container\">\n\t\t\t\t\t\t\t\t\t\t\t\t\t\t\t<img decoding=\"async\" width=\"688\" height=\"400\" src=\"https:\/\/ihrezimmerei.de\/wp-content\/uploads\/2026\/01\/Logo_strichweit_small.png\" class=\"attachment-large size-large wp-image-19070\" alt=\"\" srcset=\"https:\/\/ihrezimmerei.de\/wp-content\/uploads\/2026\/01\/Logo_strichweit_small.png 688w, https:\/\/ihrezimmerei.de\/wp-content\/uploads\/2026\/01\/Logo_strichweit_small-300x174.png 300w\" sizes=\"100vw\" \/>\t\t\t\t\t\t\t\t\t\t\t\t\t\t\t<\/div>\n\t\t\t\t<\/div>\n\t\t\t\t\t<\/div>\n\t\t<\/div>\n\t\t\t\t<div class=\"elementor-column elementor-col-50 elementor-top-column elementor-element elementor-element-0cb22bf\" data-id=\"0cb22bf\" data-element_type=\"column\" data-e-type=\"column\">\n\t\t\t<div class=\"elementor-widget-wrap elementor-element-populated\">\n\t\t\t\t\t\t<div class=\"elementor-element elementor-element-658ad5b elementor-widget elementor-widget-heading\" data-id=\"658ad5b\" data-element_type=\"widget\" data-e-type=\"widget\" data-widget_type=\"heading.default\">\n\t\t\t\t<div class=\"elementor-widget-container\">\n\t\t\t\t\t<h2 class=\"elementor-heading-title elementor-size-default\">Rolf Witte<\/h2>\t\t\t\t<\/div>\n\t\t\t\t<\/div>\n\t\t\t\t<div class=\"elementor-element elementor-element-fbe02d6 elementor-widget elementor-widget-text-editor\" data-id=\"fbe02d6\" data-element_type=\"widget\" data-e-type=\"widget\" data-widget_type=\"text-editor.default\">\n\t\t\t\t<div class=\"elementor-widget-container\">\n\t\t\t\t\t\t\t\t\t<p data-start=\"225\" data-end=\"511\">Seit 2026 bin ich mit gro\u00dfer Freude Teil des Teams von Schneider &amp; Larisch und unterst\u00fctze das Unternehmen als fachlicher, sowie technischer Leiter. Mit \u00fcber 40 Jahren Erfahrung als Zimmerergeselle und -meister bringe ich tiefgehendes Wissen und umfangreiche Praxis in jedes Projekt ein.<\/p><p data-start=\"513\" data-end=\"824\">In meiner neuen Rolle stehe ich Ihnen mit meinem gesamten Wissen und meiner Erfahrung zur Seite, um Ihre Projekte von der Planung bis zur Ausf\u00fchrung erfolgreich umzusetzen. Mein Ziel ist es, L\u00f6sungen zu schaffen, die nicht nur funktional, sondern auch langlebig sind, damit Sie \u00fcber viele Jahre hinweg Freude an Ihrer Investition haben.<\/p><p data-start=\"826\" data-end=\"1268\">Dar\u00fcber hinaus ist es mir ein pers\u00f6nliches Anliegen, mein K\u00f6nnen an unsere Mitarbeitenden und Auszubildenden weiterzugeben. Die F\u00f6rderung des Nachwuchses im Handwerk ist mir dabei ebenso wichtig wie die Weiterentwicklung des Unternehmens. Neben meinen fachlichen Aufgaben \u00fcbernehme ich auch Verantwortung in der Gesch\u00e4ftsf\u00fchrung, um gemeinsam mit dem Team die Zukunft von Schneider &amp; Larisch erfolgreich zu gestalten.<\/p><p data-start=\"1270\" data-end=\"1412\">Ich freue mich darauf, gemeinsam mit Ihnen an Ihren Projekten zu arbeiten und Ihre W\u00fcnsche mit h\u00f6chster Pr\u00e4zision und Qualit\u00e4t zu realisieren.<\/p>\t\t\t\t\t\t\t\t<\/div>\n\t\t\t\t<\/div>\n\t\t\t\t\t<\/div>\n\t\t<\/div>\n\t\t\t\t\t<\/div>\n\t\t<\/section>\n\t\t\t\t<section class=\"elementor-section elementor-top-section elementor-element elementor-element-8cd403e elementor-section-boxed elementor-section-height-default elementor-section-height-default\" data-id=\"8cd403e\" data-element_type=\"section\" data-e-type=\"section\">\n\t\t\t\t\t\t<div class=\"elementor-container elementor-column-gap-default\">\n\t\t\t\t\t<div class=\"elementor-column elementor-col-50 elementor-top-column elementor-element elementor-element-708f123\" data-id=\"708f123\" data-element_type=\"column\" data-e-type=\"column\">\n\t\t\t<div class=\"elementor-widget-wrap elementor-element-populated\">\n\t\t\t\t\t\t<div class=\"elementor-element elementor-element-cccae10 elementor-widget elementor-widget-heading\" data-id=\"cccae10\" data-element_type=\"widget\" data-e-type=\"widget\" data-widget_type=\"heading.default\">\n\t\t\t\t<div class=\"elementor-widget-container\">\n\t\t\t\t\t<h2 class=\"elementor-heading-title elementor-size-default\">Timo Schneider<\/h2>\t\t\t\t<\/div>\n\t\t\t\t<\/div>\n\t\t\t\t<div class=\"elementor-element elementor-element-5099968 elementor-widget elementor-widget-text-editor\" data-id=\"5099968\" data-element_type=\"widget\" data-e-type=\"widget\" data-widget_type=\"text-editor.default\">\n\t\t\t\t<div class=\"elementor-widget-container\">\n\t\t\t\t\t\t\t\t\t<p>Schon w\u00e4hrend meiner Ausbildung zum Zimmermann entdeckte ich meine Leidenschaft f\u00fcr das Handwerk, insbesondere die Liebe zum Detail und die kreative Herausforderung, die der Beruf mit sich bringt. Seitdem habe ich mich kontinuierlich neuen Aufgaben gestellt und mein Wissen stets an die aktuellen Anforderungen und gesetzlichen \u00c4nderungen angepasst.<\/p><p>Als Geselle durfte ich immer wieder verantwortungsvolle Aufgaben auf unseren Baustellen \u00fcbernehmen, die ich dank meiner fundierten Fachkenntnisse und meiner praktischen Erfahrung mit Erfolg meistern konnte. Dabei geh\u00f6rten auch kaufm\u00e4nnische T\u00e4tigkeiten wie das Aufma\u00dfnehmen und die Angebotserstellung zu meinen t\u00e4glichen Aufgaben.<\/p><p>Ein weiterer wichtiger Aspekt meiner Arbeit war die Verantwortung f\u00fcr die praktische Ausbildung zahlreicher Lehrlinge. Es war mir immer eine Freude, mein Wissen weiterzugeben und den Nachwuchs im Handwerk zu f\u00f6rdern, um sie bestm\u00f6glich auf ihre berufliche Zukunft vorzubereiten.<\/p><p>Neben meiner T\u00e4tigkeit als Gesch\u00e4ftsf\u00fchrer habe ich die kaufm\u00e4nnische sowie die Ausbildereignungspr\u00fcfung an der Meisterschule erfolgreich abgeschlossen. Dadurch kann ich unseren Betrieb heute nicht nur fachlich, sondern auch kaufm\u00e4nnisch leiten und somit die Weichen f\u00fcr eine erfolgreiche Zukunft stellen.<\/p>\t\t\t\t\t\t\t\t<\/div>\n\t\t\t\t<\/div>\n\t\t\t\t\t<\/div>\n\t\t<\/div>\n\t\t\t\t<div class=\"elementor-column elementor-col-50 elementor-top-column elementor-element elementor-element-fef1bfb\" data-id=\"fef1bfb\" data-element_type=\"column\" data-e-type=\"column\">\n\t\t\t<div class=\"elementor-widget-wrap elementor-element-populated\">\n\t\t\t\t\t\t<div class=\"elementor-element elementor-element-172b6214 e-transform elementor-invisible elementor-widget elementor-widget-image\" data-id=\"172b6214\" data-element_type=\"widget\" data-e-type=\"widget\" data-settings=\"{&quot;_animation&quot;:&quot;fadeIn&quot;,&quot;_transform_flipX_effect_hover&quot;:&quot;transform&quot;}\" data-widget_type=\"image.default\">\n\t\t\t\t<div class=\"elementor-widget-container\">\n\t\t\t\t\t\t\t\t\t\t\t\t\t\t\t<img decoding=\"async\" width=\"1772\" height=\"2560\" src=\"https:\/\/ihrezimmerei.de\/wp-content\/uploads\/2022\/09\/TimoProfil-scaled.jpg\" class=\"attachment-inspiro-featured-image size-inspiro-featured-image wp-image-18733\" alt=\"\" srcset=\"https:\/\/ihrezimmerei.de\/wp-content\/uploads\/2022\/09\/TimoProfil-scaled.jpg 1772w, https:\/\/ihrezimmerei.de\/wp-content\/uploads\/2022\/09\/TimoProfil-208x300.jpg 208w, https:\/\/ihrezimmerei.de\/wp-content\/uploads\/2022\/09\/TimoProfil-709x1024.jpg 709w, https:\/\/ihrezimmerei.de\/wp-content\/uploads\/2022\/09\/TimoProfil-768x1109.jpg 768w, https:\/\/ihrezimmerei.de\/wp-content\/uploads\/2022\/09\/TimoProfil-1063x1536.jpg 1063w, https:\/\/ihrezimmerei.de\/wp-content\/uploads\/2022\/09\/TimoProfil-1418x2048.jpg 1418w\" sizes=\"100vw\" \/>\t\t\t\t\t\t\t\t\t\t\t\t\t\t\t<\/div>\n\t\t\t\t<\/div>\n\t\t\t\t\t<\/div>\n\t\t<\/div>\n\t\t\t\t\t<\/div>\n\t\t<\/section>\n\t\t\t\t<section class=\"elementor-section elementor-top-section elementor-element elementor-element-2427569 elementor-section-boxed elementor-section-height-default elementor-section-height-default\" data-id=\"2427569\" data-element_type=\"section\" data-e-type=\"section\">\n\t\t\t\t\t\t<div class=\"elementor-container elementor-column-gap-default\">\n\t\t\t\t\t<div class=\"elementor-column elementor-col-50 elementor-top-column elementor-element elementor-element-cd31c24\" data-id=\"cd31c24\" data-element_type=\"column\" data-e-type=\"column\">\n\t\t\t<div class=\"elementor-widget-wrap elementor-element-populated\">\n\t\t\t\t\t\t<div class=\"elementor-element elementor-element-091f24c e-transform elementor-invisible elementor-widget elementor-widget-image\" data-id=\"091f24c\" data-element_type=\"widget\" data-e-type=\"widget\" data-settings=\"{&quot;_animation&quot;:&quot;fadeIn&quot;,&quot;_transform_flipX_effect_hover&quot;:&quot;transform&quot;}\" data-widget_type=\"image.default\">\n\t\t\t\t<div class=\"elementor-widget-container\">\n\t\t\t\t\t\t\t\t\t\t\t\t\t\t\t<img loading=\"lazy\" decoding=\"async\" width=\"1772\" height=\"2560\" src=\"https:\/\/ihrezimmerei.de\/wp-content\/uploads\/2022\/09\/MirkoProfil-scaled.jpg\" class=\"attachment-inspiro-featured-image size-inspiro-featured-image wp-image-18732\" alt=\"\" srcset=\"https:\/\/ihrezimmerei.de\/wp-content\/uploads\/2022\/09\/MirkoProfil-scaled.jpg 1772w, https:\/\/ihrezimmerei.de\/wp-content\/uploads\/2022\/09\/MirkoProfil-208x300.jpg 208w, https:\/\/ihrezimmerei.de\/wp-content\/uploads\/2022\/09\/MirkoProfil-709x1024.jpg 709w, https:\/\/ihrezimmerei.de\/wp-content\/uploads\/2022\/09\/MirkoProfil-768x1109.jpg 768w, https:\/\/ihrezimmerei.de\/wp-content\/uploads\/2022\/09\/MirkoProfil-1063x1536.jpg 1063w, https:\/\/ihrezimmerei.de\/wp-content\/uploads\/2022\/09\/MirkoProfil-1418x2048.jpg 1418w\" sizes=\"100vw\" \/>\t\t\t\t\t\t\t\t\t\t\t\t\t\t\t<\/div>\n\t\t\t\t<\/div>\n\t\t\t\t\t<\/div>\n\t\t<\/div>\n\t\t\t\t<div class=\"elementor-column elementor-col-50 elementor-top-column elementor-element elementor-element-59bfa2f\" data-id=\"59bfa2f\" data-element_type=\"column\" data-e-type=\"column\">\n\t\t\t<div class=\"elementor-widget-wrap elementor-element-populated\">\n\t\t\t\t\t\t<div class=\"elementor-element elementor-element-a47fa91 elementor-widget elementor-widget-heading\" data-id=\"a47fa91\" data-element_type=\"widget\" data-e-type=\"widget\" data-widget_type=\"heading.default\">\n\t\t\t\t<div class=\"elementor-widget-container\">\n\t\t\t\t\t<h2 class=\"elementor-heading-title elementor-size-default\">Mirko Larisch<\/h2>\t\t\t\t<\/div>\n\t\t\t\t<\/div>\n\t\t\t\t<div class=\"elementor-element elementor-element-6660406 elementor-widget elementor-widget-text-editor\" data-id=\"6660406\" data-element_type=\"widget\" data-e-type=\"widget\" data-widget_type=\"text-editor.default\">\n\t\t\t\t<div class=\"elementor-widget-container\">\n\t\t\t\t\t\t\t\t\t<p>Mirko war ein wichtiges Gr\u00fcndungsmitglied unseres Unternehmens und hat den Betrieb ma\u00dfgeblich mit aufgebaut. Gemeinsam mit Timo entschied er sich, den Traum der Selbstst\u00e4ndigkeit zu verwirklichen, und so entstand unser eigener Zimmereibetrieb. Seit der Gr\u00fcndung war Mirko als unser Betriebsleiter in der Gesch\u00e4ftsf\u00fchrung t\u00e4tig und brachte seine langj\u00e4hrige Erfahrung und sein Engagement in zahlreiche Kundenprojekte ein.<\/p>\n<p>Ab 2026 wird Mirko sich beruflich umorientieren und die Gesch\u00e4ftsf\u00fchrung \u00fcbergeben. Wir danken ihm f\u00fcr seine herausragende Arbeit, seinen Einsatz und die erfolgreiche und vertrauensvollen Zusammenarbeit.&nbsp;<\/p>\n<p>Seine Erfahrungen und Visionen werden weiterhin einen bleibenden Einfluss auf unser Unternehmen haben. Wir w\u00fcnschen ihm alles Gute f\u00fcr seine zuk\u00fcnftigen beruflichen Herausforderungen.<\/p>\t\t\t\t\t\t\t\t<\/div>\n\t\t\t\t<\/div>\n\t\t\t\t\t<\/div>\n\t\t<\/div>\n\t\t\t\t\t<\/div>\n\t\t<\/section>\n\t\t\t\t<section class=\"elementor-section elementor-top-section elementor-element elementor-element-fe46ba0 elementor-section-boxed elementor-section-height-default elementor-section-height-default\" data-id=\"fe46ba0\" data-element_type=\"section\" data-e-type=\"section\">\n\t\t\t\t\t\t<div class=\"elementor-container elementor-column-gap-default\">\n\t\t\t\t\t<div class=\"elementor-column elementor-col-100 elementor-top-column elementor-element elementor-element-58cb07f\" data-id=\"58cb07f\" data-element_type=\"column\" data-e-type=\"column\">\n\t\t\t<div class=\"elementor-widget-wrap elementor-element-populated\">\n\t\t\t\t\t\t<div class=\"elementor-element elementor-element-cadb05e elementor-widget elementor-widget-heading\" data-id=\"cadb05e\" data-element_type=\"widget\" data-e-type=\"widget\" data-widget_type=\"heading.default\">\n\t\t\t\t<div class=\"elementor-widget-container\">\n\t\t\t\t\t<h1 class=\"elementor-heading-title elementor-size-default\">Sie haben ein Projekt?<br>Wir helfen gern!<\/h1>\t\t\t\t<\/div>\n\t\t\t\t<\/div>\n\t\t\t\t<div class=\"elementor-element elementor-element-14dae33e elementor-align-center elementor-mobile-align-center elementor-widget elementor-widget-button\" data-id=\"14dae33e\" data-element_type=\"widget\" data-e-type=\"widget\" data-widget_type=\"button.default\">\n\t\t\t\t<div class=\"elementor-widget-container\">\n\t\t\t\t\t\t\t\t\t<div class=\"elementor-button-wrapper\">\n\t\t\t\t\t<a class=\"elementor-button elementor-button-link elementor-size-sm\" href=\"\/?page_id=18557\">\n\t\t\t\t\t\t<span class=\"elementor-button-content-wrapper\">\n\t\t\t\t\t\t\t\t\t<span class=\"elementor-button-text\">Kontaktieren Sie uns<\/span>\n\t\t\t\t\t<\/span>\n\t\t\t\t\t<\/a>\n\t\t\t\t<\/div>\n\t\t\t\t\t\t\t\t<\/div>\n\t\t\t\t<\/div>\n\t\t\t\t\t<\/div>\n\t\t<\/div>\n\t\t\t\t\t<\/div>\n\t\t<\/section>\n\t\t\t\t<\/div>\n\t\t","protected":false},"excerpt":{"rendered":"<p>\u00dcber uns Seit 2022 stehen wir als erfahrenes und engagiertes Zimmererunternehmen stolz in der Wesermarsch, Oldenburg, Bremen und der umliegenden Region an Ihrer Seite. Mit Leidenschaft und handwerklichem K\u00f6nnen haben wir bereits zahlreiche Projekte f\u00fcr Privatpersonen, Unternehmen und \u00f6ffentliche Auftraggeber erfolgreich umgesetzt. Egal, ob es um kleine Reparaturen wie das Beheben einer Leckstelle oder das &hellip; <\/p>\n<p class=\"link-more\"><a href=\"https:\/\/ihrezimmerei.de\/?page_id=18595\" class=\"more-link\">Mehr <span class=\"screen-reader-text\">\u00fcber &#8222;Das Team&#8220; <\/span>Lesen<\/a><\/p>\n","protected":false},"author":1,"featured_media":0,"parent":0,"menu_order":0,"comment_status":"closed","ping_status":"closed","template":"elementor_theme","meta":{"_monsterinsights_skip_tracking":false,"_monsterinsights_sitenote_active":false,"_monsterinsights_sitenote_note":"","_monsterinsights_sitenote_category":0,"footnotes":""},"class_list":["post-18595","page","type-page","status-publish","hentry"],"aioseo_notices":[],"_links":{"self":[{"href":"https:\/\/ihrezimmerei.de\/index.php?rest_route=\/wp\/v2\/pages\/18595","targetHints":{"allow":["GET"]}}],"collection":[{"href":"https:\/\/ihrezimmerei.de\/index.php?rest_route=\/wp\/v2\/pages"}],"about":[{"href":"https:\/\/ihrezimmerei.de\/index.php?rest_route=\/wp\/v2\/types\/page"}],"author":[{"embeddable":true,"href":"https:\/\/ihrezimmerei.de\/index.php?rest_route=\/wp\/v2\/users\/1"}],"replies":[{"embeddable":true,"href":"https:\/\/ihrezimmerei.de\/index.php?rest_route=%2Fwp%2Fv2%2Fcomments&post=18595"}],"version-history":[{"count":95,"href":"https:\/\/ihrezimmerei.de\/index.php?rest_route=\/wp\/v2\/pages\/18595\/revisions"}],"predecessor-version":[{"id":19188,"href":"https:\/\/ihrezimmerei.de\/index.php?rest_route=\/wp\/v2\/pages\/18595\/revisions\/19188"}],"wp:attachment":[{"href":"https:\/\/ihrezimmerei.de\/index.php?rest_route=%2Fwp%2Fv2%2Fmedia&parent=18595"}],"curies":[{"name":"wp","href":"https:\/\/api.w.org\/{rel}","templated":true}]}}