{"id":19007,"date":"2025-01-16T23:11:46","date_gmt":"2025-01-16T22:11:46","guid":{"rendered":"https:\/\/staging.ihrezimmerei.de\/?page_id=19007"},"modified":"2026-01-01T18:07:32","modified_gmt":"2026-01-01T17:07:32","slug":"karriere","status":"publish","type":"page","link":"https:\/\/ihrezimmerei.de\/?page_id=19007","title":{"rendered":"Karriere"},"content":{"rendered":"\t\t<div data-elementor-type=\"wp-page\" data-elementor-id=\"19007\" class=\"elementor elementor-19007\">\n\t\t\t\t\t\t<section class=\"elementor-section elementor-top-section elementor-element elementor-element-1ef58084 elementor-section-boxed elementor-section-height-default elementor-section-height-default\" data-id=\"1ef58084\" data-element_type=\"section\" data-e-type=\"section\">\n\t\t\t\t\t\t<div class=\"elementor-container elementor-column-gap-default\">\n\t\t\t\t\t<div class=\"elementor-column elementor-col-100 elementor-top-column elementor-element elementor-element-25a335f3\" data-id=\"25a335f3\" data-element_type=\"column\" data-e-type=\"column\">\n\t\t\t<div class=\"elementor-widget-wrap elementor-element-populated\">\n\t\t\t\t\t\t<div class=\"elementor-element elementor-element-752543e6 elementor-widget elementor-widget-text-editor\" data-id=\"752543e6\" data-element_type=\"widget\" data-e-type=\"widget\" data-widget_type=\"text-editor.default\">\n\t\t\t\t<div class=\"elementor-widget-container\">\n\t\t\t\t\t\t\t\t\t<p>Du suchst nicht nur einen Job, sondern eine Aufgabe, die dich erf\u00fcllt? In unserem famili\u00e4ren Handwerksbetrieb erwartet dich ein Arbeitsplatz voller Dynamik, Teamgeist und Entwicklungsm\u00f6glichkeiten. Gemeinsam packen wir an, schaffen Werte und setzen Ma\u00dfst\u00e4be in Qualit\u00e4t und Service. Hier kannst du dich einbringen, wachsen und stolz auf das sein, was du mit deinen H\u00e4nden und deinem K\u00f6nnen erschaffst. Starte deine Karriere bei uns und werde Teil einer Erfolgsgeschichte, die wir zusammen schreiben!<\/p>\n<p><!-- \/wp:paragraph --><!-- wp:paragraph --><\/p>\n<p>Aktuell m\u00f6chten wir folgende Stellen besetzen:<\/p>\n<p><!-- \/wp:paragraph --><!-- wp:paragraph --><\/p>\n<ul>\n<li><a href=\"#HELFER\">Bauhelfer (w\/m\/d) &#8211; ab M\u00e4rz 2026<\/a><\/li>\n<li><a href=\"#AUSZUBILDENDER\">Ausbildung zum Zimmerer (w\/m\/d) &#8211; ab August 2026<\/a><\/li>\n<\/ul>\n<p><!-- \/wp:paragraph --><\/p>\t\t\t\t\t\t\t\t<\/div>\n\t\t\t\t<\/div>\n\t\t\t\t\t<\/div>\n\t\t<\/div>\n\t\t\t\t\t<\/div>\n\t\t<\/section>\n\t\t\t\t<section class=\"elementor-section elementor-top-section elementor-element elementor-element-57932fd elementor-section-boxed elementor-section-height-default elementor-section-height-default\" data-id=\"57932fd\" data-element_type=\"section\" data-e-type=\"section\">\n\t\t\t\t\t\t<div class=\"elementor-container elementor-column-gap-default\">\n\t\t\t\t\t<div class=\"elementor-column elementor-col-100 elementor-top-column elementor-element elementor-element-51b0e5f\" data-id=\"51b0e5f\" data-element_type=\"column\" data-e-type=\"column\">\n\t\t\t<div class=\"elementor-widget-wrap elementor-element-populated\">\n\t\t\t\t\t\t<div class=\"elementor-element elementor-element-7d702f2 elementor-widget elementor-widget-text-editor\" data-id=\"7d702f2\" data-element_type=\"widget\" data-e-type=\"widget\" id=\"HELFER\" data-widget_type=\"text-editor.default\">\n\t\t\t\t<div class=\"elementor-widget-container\">\n\t\t\t\t\t\t\t\t\t<h2><span style=\"color: #800000;\"><strong>Bauhelfer (w\/m\/d) \/ Ab M\u00e4rz 2026<\/strong><\/span><\/h2>\n<h2><b style=\"color: var( --e-global-color-text ); font-family: var( --e-global-typography-text-font-family ), Sans-serif; font-size: 16px;\">Pack mit an und gestalte die Zukunft!<\/b><strong>\n<\/strong><\/h2>\n<span style=\"color: var( --e-global-color-text ); font-family: var( --e-global-typography-text-font-family ), Sans-serif; font-weight: var( --e-global-typography-text-font-weight );\">Du suchst einen Job, bei dem du anpacken kannst und deine Arbeit wirklich etwas bewirkt? Dann bist du bei uns genau richtig! Ob auf der Baustelle oder auf dem Dach \u2013 wir brauchen deine Unterst\u00fctzung, um gemeinsam Gro\u00dfes zu schaffen.<\/span>\n\n<strong>Deine Mission<\/strong>\n<ul>\n \t<li>Unterst\u00fctzung bei handwerklichen T\u00e4tigkeiten auf unseren Baustellen.<\/li>\n \t<li>Mithilfe bei der Montage, Instandhaltung und anderen Arbeiten.<\/li>\n \t<li>Arbeiten mit \u00dcberblick \u2013 auch mal auf dem Dach, schwindelfrei und sicher.<\/li>\n<\/ul>\n<strong>Dein Profil<\/strong>\n<ul>\n \t<li>Handwerkliches Geschick und Lust, mit anzupacken \u2013 Erfahrung ist toll, aber kein Muss!<\/li>\n \t<li>Zuverl\u00e4ssigkeit, Teamgeist und Flexibilit\u00e4t.<\/li>\n \t<li>Selbstst\u00e4ndiges und ordentliches Arbeiten.<\/li>\n \t<li>F\u00fchrerschein Klasse 3\/B ist von Vorteil.<\/li>\n<\/ul>\n<strong>Was wir dir bieten<\/strong>\n<ul>\n \t<li>Unbefristeter Arbeitsvertrag und sichere Perspektive.<\/li>\n \t<li>Vollzeit \/ Teilzeit \/ stundenbasiert als Minijob &#8211; Alles ist m\u00f6glich<\/li>\n \t<li>Faire Bezahlung und abwechslungsreiche Aufgaben.<\/li>\n \t<li>Famili\u00e4res Team mit R\u00fccksicht auf deine pers\u00f6nlichen Bed\u00fcrfnisse.<\/li>\n \t<li>Interne Einarbeitung und Entwicklungsm\u00f6glichkeiten.<\/li>\n<\/ul>\n<strong>Lust, Teil unseres Teams zu werden?<\/strong>\nDann bewirb dich bei uns \u2013 Bewerbungen (kurz und unkompliziert) <a href=\"\/?page_id=19015\">kannst Du direkt hier auf der Homepage abschicken<\/a>!\n\nDein Platz in unserem Team wartet auf dich! <img decoding=\"async\" class=\"emoji\" role=\"img\" draggable=\"false\" src=\"https:\/\/s.w.org\/images\/core\/emoji\/17.0.2\/svg\/1f4aa.svg\" alt=\"\ud83d\udcaa\" \/>\t\t\t\t\t\t\t\t<\/div>\n\t\t\t\t<\/div>\n\t\t\t\t\t<\/div>\n\t\t<\/div>\n\t\t\t\t\t<\/div>\n\t\t<\/section>\n\t\t\t\t<section class=\"elementor-section elementor-top-section elementor-element elementor-element-ceb1201 elementor-section-boxed elementor-section-height-default elementor-section-height-default\" data-id=\"ceb1201\" data-element_type=\"section\" data-e-type=\"section\">\n\t\t\t\t\t\t<div class=\"elementor-container elementor-column-gap-default\">\n\t\t\t\t\t<div class=\"elementor-column elementor-col-100 elementor-top-column elementor-element elementor-element-bdde9a1\" data-id=\"bdde9a1\" data-element_type=\"column\" data-e-type=\"column\">\n\t\t\t<div class=\"elementor-widget-wrap elementor-element-populated\">\n\t\t\t\t\t\t<div class=\"elementor-element elementor-element-ba0ccce elementor-widget elementor-widget-text-editor\" data-id=\"ba0ccce\" data-element_type=\"widget\" data-e-type=\"widget\" id=\"AUSZUBILDENDER\" data-widget_type=\"text-editor.default\">\n\t\t\t\t<div class=\"elementor-widget-container\">\n\t\t\t\t\t\t\t\t\t<h2><span style=\"color: #800000;\"><strong>Ausbildung zum Zimmerer (w\/m\/d) \/ Ab August 2026<\/strong><\/span><\/h2>\n<b><\/b><strong>Sichere Deine Zukunft mit einer Ausbildung im Handwerk bei uns!\n<\/strong><span style=\"font-family: var( --e-global-typography-text-font-family ), Sans-serif;\"><span style=\"font-weight: var( --e-global-typography-text-font-weight );\">Du hast Lust, etwas mit deinen eigenen H\u00e4nden zu schaffen und jeden Tag zu sehen, was du erreicht hast? Egal, ob du gerade die Schule abgeschlossen hast oder dich beruflich neu orientieren willst \u2013 bei uns kannst du deine Leidenschaft f\u00fcrs Handwerk entdecken und deinen Weg finden.<\/span><\/span>\n\n<strong>Das erwartet dich:<\/strong>\n<ul>\n \t<li><strong>Vielfalt:<\/strong> Ein zukunftsf\u00e4higer Ausbildungsberuf im Handwerk &#8211; Viele spannende und abwechslungsreiche Aufgaben warten auf Dich!<\/li>\n \t<li><strong>Know-how:<\/strong> Von Profis lernen, die ihr fundiertes Wissen mit Leidenschaft weitergeben.<\/li>\n \t<li><strong>Flexibilit\u00e4t:<\/strong> Wir richten uns nach dir \u2013 ob zeitlich oder beruflich, du kannst bei uns durchstarten.<\/li>\n \t<li><strong>Perspektive:<\/strong> Nach deiner Ausbildung warten spannende Chancen auf dich, von Weiterbildungen bis zur langfristigen \u00dcbernahme.<\/li>\n<\/ul>\n<strong>Das bist du:<\/strong>\n<ul>\n \t<li>Du bist motiviert, Neues zu lernen und willst in einem Beruf richtig durchstarten.<\/li>\n \t<li>Du packst gerne mit an und willst etwas schaffen, das bleibt.<\/li>\n \t<li>Du bist zuverl\u00e4ssig, teamf\u00e4hig und hast Lust, Teil eines famili\u00e4ren Unternehmens zu sein.<\/li>\n \t<li><strong>Umsch\u00fcler willkommen!<\/strong> Egal, wo du gerade stehst \u2013 wir holen dich ab.<\/li>\n<\/ul>\n<strong>Das bieten wir dir:<\/strong>\n<ul>\n \t<li>Eine praxisnahe Ausbildung in einem famili\u00e4ren Team.<\/li>\n \t<li>Faire Verg\u00fctung und flexible Arbeitszeiten, die zu dir passen.<\/li>\n \t<li>Unterst\u00fctzung bei deinen Zielen \u2013 auch nach der Ausbildung.<\/li>\n \t<li>Abwechslungsreiche Aufgaben und spannende Projekte.<\/li>\n<\/ul>\n<strong>Klingt spannend?<\/strong>\n<a href=\"\/?page_id=19015\">Dann melde dich unter diesem Link bei uns<\/a> und erfahre, welche M\u00f6glichkeiten dir bei uns offenstehen.\n\nGanz ohne Stress, wir freuen uns auf dich \u2013 und auf deine Zukunft! <img decoding=\"async\" class=\"emoji\" role=\"img\" draggable=\"false\" src=\"https:\/\/s.w.org\/images\/core\/emoji\/17.0.2\/svg\/1f4aa.svg\" alt=\"\ud83d\udcaa\" \/>\n<img decoding=\"async\" class=\"emoji\" role=\"img\" draggable=\"false\" src=\"https:\/\/s.w.org\/images\/core\/emoji\/17.0.2\/svg\/2728.svg\" alt=\"\u2728\" \/>\n\n\t\t\t\t\t\t\t\t<\/div>\n\t\t\t\t<\/div>\n\t\t\t\t\t<\/div>\n\t\t<\/div>\n\t\t\t\t\t<\/div>\n\t\t<\/section>\n\t\t\t\t<\/div>\n\t\t","protected":false},"excerpt":{"rendered":"<p>Du suchst nicht nur einen Job, sondern eine Aufgabe, die dich erf\u00fcllt? In unserem famili\u00e4ren Handwerksbetrieb erwartet dich ein Arbeitsplatz voller Dynamik, Teamgeist und Entwicklungsm\u00f6glichkeiten. Gemeinsam packen wir an, schaffen Werte und setzen Ma\u00dfst\u00e4be in Qualit\u00e4t und Service. Hier kannst du dich einbringen, wachsen und stolz auf das sein, was du mit deinen H\u00e4nden und &hellip; <\/p>\n<p class=\"link-more\"><a href=\"https:\/\/ihrezimmerei.de\/?page_id=19007\" class=\"more-link\">Mehr <span class=\"screen-reader-text\">\u00fcber &#8222;Karriere&#8220; <\/span>Lesen<\/a><\/p>\n","protected":false},"author":1,"featured_media":0,"parent":0,"menu_order":0,"comment_status":"closed","ping_status":"closed","template":"elementor_theme","meta":{"_monsterinsights_skip_tracking":false,"_monsterinsights_sitenote_active":false,"_monsterinsights_sitenote_note":"","_monsterinsights_sitenote_category":0,"footnotes":""},"class_list":["post-19007","page","type-page","status-publish","hentry"],"aioseo_notices":[],"_links":{"self":[{"href":"https:\/\/ihrezimmerei.de\/index.php?rest_route=\/wp\/v2\/pages\/19007","targetHints":{"allow":["GET"]}}],"collection":[{"href":"https:\/\/ihrezimmerei.de\/index.php?rest_route=\/wp\/v2\/pages"}],"about":[{"href":"https:\/\/ihrezimmerei.de\/index.php?rest_route=\/wp\/v2\/types\/page"}],"author":[{"embeddable":true,"href":"https:\/\/ihrezimmerei.de\/index.php?rest_route=\/wp\/v2\/users\/1"}],"replies":[{"embeddable":true,"href":"https:\/\/ihrezimmerei.de\/index.php?rest_route=%2Fwp%2Fv2%2Fcomments&post=19007"}],"version-history":[{"count":37,"href":"https:\/\/ihrezimmerei.de\/index.php?rest_route=\/wp\/v2\/pages\/19007\/revisions"}],"predecessor-version":[{"id":19140,"href":"https:\/\/ihrezimmerei.de\/index.php?rest_route=\/wp\/v2\/pages\/19007\/revisions\/19140"}],"wp:attachment":[{"href":"https:\/\/ihrezimmerei.de\/index.php?rest_route=%2Fwp%2Fv2%2Fmedia&parent=19007"}],"curies":[{"name":"wp","href":"https:\/\/api.w.org\/{rel}","templated":true}]}}