{"id":19015,"date":"2025-01-16T23:55:51","date_gmt":"2025-01-16T22:55:51","guid":{"rendered":"https:\/\/staging.ihrezimmerei.de\/?page_id=19015"},"modified":"2025-01-16T23:55:52","modified_gmt":"2025-01-16T22:55:52","slug":"bewirb-dich-bei-uns","status":"publish","type":"page","link":"https:\/\/ihrezimmerei.de\/?page_id=19015","title":{"rendered":"Bewirb Dich bei uns"},"content":{"rendered":"\n<p>Du hast einen passenden Job auf unserer Karriereseite gefunden? Wir freuen uns auf Deine Bewerbung! Uns ist es am Wichtigsten Dich kennenzulernen, daher reichen uns minimale Angaben aus. Je mehr Du schon von Dir teilen m\u00f6chtest, desto besser k\u00f6nnen wir uns auf ein pers\u00f6nliches Gespr\u00e4ch mit Dir vorbereiten!<\/p>\n\n\n\n<div class=\"forminator-guttenberg\"><div class=\"forminator-ui forminator-custom-form forminator-custom-form-18959 forminator-design--material  forminator_ajax\" data-forminator-render=\"0\" data-form=\"forminator-module-18959\" data-uid=\"69d99353852ee\"><br\/><\/div><form\n\t\t\t\tid=\"forminator-module-18959\"\n\t\t\t\tclass=\"forminator-ui forminator-custom-form forminator-custom-form-18959 forminator-design--material  forminator_ajax\"\n\t\t\t\tmethod=\"post\"\n\t\t\t\tdata-forminator-render=\"0\"\n\t\t\t\tdata-form-id=\"18959\"\n\t\t\t\tenctype=\"multipart\/form-data\" data-color-option=\"theme\" data-design=\"material\" data-grid=\"open\" style=\"display: none;\"\n\t\t\t\tdata-uid=\"69d99353852ee\"\n\t\t\t><div role=\"alert\" aria-live=\"polite\" class=\"forminator-response-message forminator-error\" aria-hidden=\"true\"><\/div><div class=\"forminator-row\"><div id=\"name-2\" class=\"forminator-field-name forminator-col forminator-col-12 \"><div class=\"forminator-row forminator-no-margin\" data-multiple=\"true\"><div class=\"forminator-col forminator-col-md-6\"><div class=\"forminator-field\"><label for=\"forminator-field-first-name-2_69d99353852ee\" id=\"forminator-field-first-name-2_69d99353852ee-label\" class=\"forminator-label\">Vorname <span class=\"forminator-required\">*<\/span><\/label><input type=\"text\" name=\"name-2-first-name\" placeholder=\"z. B. Max\" id=\"forminator-field-first-name-2_69d99353852ee\" class=\"forminator-input\" aria-required=\"true\" data-multi=\"1\" autocomplete=\"given-name\" value=\"\" \/><\/div><\/div><div class=\"forminator-col forminator-col-md-6\"><div class=\"forminator-field\"><label for=\"forminator-field-last-name-2_69d99353852ee\" id=\"forminator-field-last-name-2_69d99353852ee-label\" class=\"forminator-label\">Nachname <span class=\"forminator-required\">*<\/span><\/label><input type=\"text\" name=\"name-2-last-name\" placeholder=\"z. B. Mustermann\" id=\"forminator-field-last-name-2_69d99353852ee\" class=\"forminator-input\" aria-required=\"true\" data-multi=\"1\" autocomplete=\"family-name\" value=\"\" \/><\/div><\/div><\/div><\/div><\/div><div class=\"forminator-row\"><div id=\"address-1\" class=\"forminator-field-address forminator-col forminator-col-12 \"><div class=\"forminator-row\"><div id=\"address-1-street_address\" class=\"forminator-col\"><div class=\"forminator-field\"><label for=\"forminator-field-address-1-street_address_69d99353852ee\" id=\"forminator-field-address-1-street_address_69d99353852ee-label\" class=\"forminator-label\">Stra\u00dfe und Hausnummer <span class=\"forminator-required\">*<\/span><\/label><input type=\"text\" name=\"address-1-street_address\" placeholder=\"z. B. Hauptstra\u00dfe 123\" id=\"forminator-field-address-1-street_address_69d99353852ee\" class=\"forminator-input\" data-required=\"1\" aria-required=\"true\" autocomplete=\"address-line1\" value=\"\" \/><\/div><\/div><\/div><div class=\"forminator-row\" data-multiple=\"false\"><div id=\"address-1-city\" class=\"forminator-col forminator-col-12\"><div class=\"forminator-field\"><label for=\"forminator-field-address-1-city_69d99353852ee\" id=\"forminator-field-address-1-city_69d99353852ee-label\" class=\"forminator-label\">Stadt <span class=\"forminator-required\">*<\/span><\/label><input type=\"text\" name=\"address-1-city\" placeholder=\"z. B. Berlin\" id=\"forminator-field-address-1-city_69d99353852ee\" class=\"forminator-input\" data-required=\"1\" aria-required=\"true\" autocomplete=\"address-level2\" value=\"\" \/><\/div><\/div><\/div><div class=\"forminator-row\" data-multiple=\"false\"><div id=\"address-1-zip\" class=\"forminator-col forminator-col-12\"><div class=\"forminator-field\"><label for=\"forminator-field-address-1-zip_69d99353852ee\" id=\"forminator-field-address-1-zip_69d99353852ee-label\" class=\"forminator-label\">ZIP \/ Postleitzahl <span class=\"forminator-required\">*<\/span><\/label><input type=\"text\" name=\"address-1-zip\" placeholder=\"z. B. 2000\" id=\"forminator-field-address-1-zip_69d99353852ee\" class=\"forminator-input\" autocomplete=\"postal-code\" value=\"\" \/><\/div><\/div><\/div><\/div><\/div><div class=\"forminator-row\"><div id=\"email-1\" class=\"forminator-field-email forminator-col forminator-col-6 \"><div class=\"forminator-field\"><label for=\"forminator-field-email-1_69d99353852ee\" id=\"forminator-field-email-1_69d99353852ee-label\" class=\"forminator-label\">eMail-Adresse <span class=\"forminator-required\">*<\/span><\/label><input type=\"email\" name=\"email-1\" value=\"\" placeholder=\"z. B. max@mustermann.de\" id=\"forminator-field-email-1_69d99353852ee\" class=\"forminator-input forminator-email--field\" data-required=\"1\" aria-required=\"true\" autocomplete=\"email\" \/><\/div><\/div><div id=\"phone-1\" class=\"forminator-field-phone forminator-col forminator-col-6 \"><div class=\"forminator-field\"><label for=\"forminator-field-phone-1_69d99353852ee\" id=\"forminator-field-phone-1_69d99353852ee-label\" class=\"forminator-label\">Telefonnummer<\/label><input type=\"text\" name=\"phone-1\" value=\"\" placeholder=\"z.\u00a0B.: +49 123 4567 89\" id=\"forminator-field-phone-1_69d99353852ee\" class=\"forminator-input forminator-field--phone\" data-required=\"\" aria-required=\"false\" autocomplete=\"off\" \/><\/div><\/div><\/div><div class=\"forminator-row\"><div id=\"select-1\" class=\"forminator-field-select forminator-col forminator-col-12 \"><div class=\"forminator-field\"><label for=\"forminator-form-18959__field--select-1_69d99353852ee\" id=\"forminator-form-18959__field--select-1_69d99353852ee-label\" class=\"forminator-label\">Auf welche Stelle m\u00f6chtest Du Dich bewerben? <span class=\"forminator-required\">*<\/span><\/label><select  id=\"forminator-form-18959__field--select-1_69d99353852ee\" class=\"forminator-select--field forminator-select2 forminator-select2-multiple\" data-required=\"1\" name=\"select-1\" data-default-value=\"\" data-hidden-behavior=\"zero\" data-placeholder=\"Stelle ausw\u00e4hlen\" data-search=\"false\" data-search-placeholder=\"Stelle ausw\u00e4hlen\" data-checkbox=\"false\" data-allow-clear=\"false\" aria-labelledby=\"forminator-form-18959__field--select-1_69d99353852ee-label\"><option value=\"\"  >Stelle ausw\u00e4hlen<\/option><option value=\"two\"  data-calculation=\"0\">Ausbildungsplatz<\/option><option value=\"Zimmer\"  data-calculation=\"0\">Bauhelfer (w\/m\/d)<\/option><option value=\"Initiativbewerbung-(w-m-d)\"  data-calculation=\"0\">Initiativbewerbung (w\/m\/d)<\/option><\/select><\/div><\/div><\/div><div class=\"forminator-row\"><div id=\"textarea-1\" class=\"forminator-field-textarea forminator-col forminator-col-12 \"><div class=\"forminator-field\"><label for=\"forminator-field-textarea-1_69d99353852ee\" id=\"forminator-field-textarea-1_69d99353852ee-label\" class=\"forminator-label\">Erz\u00e4hl uns kurz von Dir \/ Warum m\u00f6chtest Du bei uns arbeiten?<\/label><textarea name=\"textarea-1\" placeholder=\"\" id=\"forminator-field-textarea-1_69d99353852ee\" class=\"forminator-textarea\" rows=\"6\" style=\"min-height:140px;\" ><\/textarea><\/div><\/div><\/div><div class=\"forminator-row\"><div id=\"upload-1\" class=\"forminator-field-upload forminator-col forminator-col-12 \"><div class=\"forminator-field\"><label for=\"forminator-field-upload-1_69d99353852ee\" id=\"forminator-field-upload-1_69d99353852ee-label\" class=\"forminator-label\">Lebenslauf \/ Bewerbungsunterlagen<\/label><div class=\"forminator-multi-upload \" data-element=\"upload-1_69d99353852ee\" aria-describedby=\"forminator-field-upload-1_69d99353852ee-description\"><input type=\"file\" name=\"upload-1[]\" id=\"forminator-field-upload-1_69d99353852ee\" class=\"forminator-input-file forminator-field-upload-1_69d99353852ee-18959\" multiple=\"multiple\" data-method=\"ajax\" accept=\".jpg,.jpeg,.jpe,.gif,.png,.bmp,.tiff,.tif,.avif,.heif,.heics,.heifs,.pdf,.psd,.doc,.pot,.pps,.ppt,.wri,.mdb,.mpp,.docx,.docm,.dotx,.dotm,.onetoc,.onetoc2,.onetmp,.onepkg,.oxps,.xps,.odt,.odp,.odg,.odc,.odb,.odf,.wp,.wpd,.pages,.zip\" data-size=\"15000000\" data-size-message=\"Die maximale Dateigr\u00f6\u00dfe betr\u00e4gt 15 MB. \" data-filetype=\"jpg|jpeg|jpe|gif|png|bmp|tiff|tif|avif|heif|heics|heifs|pdf|psd|doc|pot|pps|ppt|wri|mdb|mpp|docx|docm|dotx|dotm|onetoc|onetoc2|onetmp|onepkg|oxps|xps|odt|odp|odg|odc|odb|odf|wp|wpd|pages|zip\" data-filetype-message=\"Dateierweiterung ist nicht erlaubt.\"><div class=\"forminator-multi-upload-message\" aria-hidden=\"true\"><span class=\"forminator-icon-upload\" aria-hidden=\"true\"><\/span><p>Drag &amp; Drop (oder) <a class=\"forminator-upload-file--forminator-field-upload-1_69d99353852ee\" href=\"#\" onclick=\"return false;\">W\u00e4hle Dateien<\/a><\/p><\/div><\/div><span id=\"forminator-field-upload-1_69d99353852ee-description\" class=\"forminator-description\">Wenn Du m\u00f6chtest kannst Du uns einen Lebenslauf hochladen (optional)<\/span><ul class=\"forminator-uploaded-files upload-container-upload-1_69d99353852ee\"><\/ul><\/div><\/div><\/div><div class=\"forminator-row\"><div id=\"checkbox-1\" class=\"forminator-field-checkbox forminator-col forminator-col-12 \"><div role=\"group\" class=\"forminator-field required\" aria-labelledby=\"forminator-checkbox-group-forminator-field-checkbox-1-69d99353852ee-label\"><span id=\"forminator-checkbox-group-forminator-field-checkbox-1-69d99353852ee-label\" class=\"forminator-label\">Datenverarbeitung im Rahmen des Bewerbungsprozesses <span class=\"forminator-required\">*<\/span><\/span><label id=\"forminator-field-checkbox-1-1-69d99353852ee-label\" for=\"forminator-field-checkbox-1-1-69d99353852ee\" class=\"forminator-checkbox\" title=\"Ich stimme der Datenverarbeitung und Speicherung zu\"><input type=\"checkbox\" name=\"checkbox-1[]\" value=\"one\" id=\"forminator-field-checkbox-1-1-69d99353852ee\" aria-labelledby=\"forminator-field-checkbox-1-1-69d99353852ee-label\" data-calculation=\"0\"   data-hidden-behavior=\"zero\" aria-describedby=\"forminator-field-checkbox-1-69d99353852ee-description\"\/><span class=\"forminator-checkbox-box\" aria-hidden=\"true\"><\/span><span class=\"forminator-checkbox-label\">Ich stimme der Datenverarbeitung und Speicherung zu<\/span><\/label><span id=\"forminator-field-checkbox-1-69d99353852ee-description\" class=\"forminator-description\">Ich bin im Rahmen dieser Anfrage damit einverstanden, dass meine Daten elektronisch gem\u00e4\u00df den Datenschutzbestimmungen gespeichert und verarbeitet werden.<\/span><\/div><\/div><\/div><input type=\"hidden\" name=\"referer_url\" value=\"\" \/><div class=\"forminator-row forminator-row-last\"><div class=\"forminator-col\"><div class=\"forminator-field\"><button class=\"forminator-button forminator-button-submit\"><span>Bewerbung absenden<\/span><span aria-hidden=\"true\"><\/span><\/button><\/div><\/div><\/div><input type=\"hidden\" id=\"forminator_nonce\" name=\"forminator_nonce\" value=\"85a407dc39\" \/><input type=\"hidden\" name=\"_wp_http_referer\" value=\"\/index.php?rest_route=%2Fwp%2Fv2%2Fpages%2F19015\" \/><input type=\"hidden\" name=\"form_id\" value=\"18959\"><input type=\"hidden\" name=\"page_id\" value=\"19015\"><input type=\"hidden\" name=\"form_type\" value=\"default\"><input type=\"hidden\" name=\"current_url\" value=\"https:\/\/ihrezimmerei.de\/?page_id=19015\"><input type=\"hidden\" name=\"render_id\" value=\"0\"><input type=\"hidden\" name=\"forminator-multifile-hidden\" class=\"forminator-multifile-hidden\"><input type=\"hidden\" name=\"action\" value=\"forminator_submit_form_custom-forms\"><\/form><\/div>\n","protected":false},"excerpt":{"rendered":"<p>Du hast einen passenden Job auf unserer Karriereseite gefunden? Wir freuen uns auf Deine Bewerbung! Uns ist es am Wichtigsten Dich kennenzulernen, daher reichen uns minimale Angaben aus. Je mehr Du schon von Dir teilen m\u00f6chtest, desto besser k\u00f6nnen wir uns auf ein pers\u00f6nliches Gespr\u00e4ch mit Dir vorbereiten!<\/p>\n","protected":false},"author":1,"featured_media":0,"parent":0,"menu_order":0,"comment_status":"closed","ping_status":"closed","template":"","meta":{"_monsterinsights_skip_tracking":false,"_monsterinsights_sitenote_active":false,"_monsterinsights_sitenote_note":"","_monsterinsights_sitenote_category":0,"footnotes":""},"class_list":["post-19015","page","type-page","status-publish","hentry"],"aioseo_notices":[],"_links":{"self":[{"href":"https:\/\/ihrezimmerei.de\/index.php?rest_route=\/wp\/v2\/pages\/19015","targetHints":{"allow":["GET"]}}],"collection":[{"href":"https:\/\/ihrezimmerei.de\/index.php?rest_route=\/wp\/v2\/pages"}],"about":[{"href":"https:\/\/ihrezimmerei.de\/index.php?rest_route=\/wp\/v2\/types\/page"}],"author":[{"embeddable":true,"href":"https:\/\/ihrezimmerei.de\/index.php?rest_route=\/wp\/v2\/users\/1"}],"replies":[{"embeddable":true,"href":"https:\/\/ihrezimmerei.de\/index.php?rest_route=%2Fwp%2Fv2%2Fcomments&post=19015"}],"version-history":[{"count":1,"href":"https:\/\/ihrezimmerei.de\/index.php?rest_route=\/wp\/v2\/pages\/19015\/revisions"}],"predecessor-version":[{"id":19016,"href":"https:\/\/ihrezimmerei.de\/index.php?rest_route=\/wp\/v2\/pages\/19015\/revisions\/19016"}],"wp:attachment":[{"href":"https:\/\/ihrezimmerei.de\/index.php?rest_route=%2Fwp%2Fv2%2Fmedia&parent=19015"}],"curies":[{"name":"wp","href":"https:\/\/api.w.org\/{rel}","templated":true}]}}